{"id":13,"date":"2023-11-08T12:13:20","date_gmt":"2023-11-08T11:13:20","guid":{"rendered":"https:\/\/women-in-exile.net\/?page_id=13"},"modified":"2026-04-13T15:33:38","modified_gmt":"2026-04-13T13:33:38","slug":"spenden","status":"publish","type":"page","link":"https:\/\/women-in-exile.net\/en\/spenden\/","title":{"rendered":"Donate"},"content":{"rendered":"\n<h1 class=\"wp-block-heading has-text-align-center\">WE NEED YOU<\/h1>\n\n\n\n<div style=\"height:20px\" aria-hidden=\"true\" class=\"wp-block-spacer\"><\/div>\n\n\n\n<div class=\"wp-block-group is-layout-flow wp-block-group-is-layout-flow\">\n<p><strong>FOR OUR HOUSE PROJECT<\/strong><br><br>Donate to our house project until 30.04.2026 via Startnext:<\/p>\n\n\n\n<p><a title=\"Home in Exile \u2013 von gefl\u00fcchteten Frauen f\u00fcr gefl\u00fcchtete Frauen, crowdfund it on Startnext!\" href=\"https:\/\/www.startnext.com\/en\/home-in-exile?utm_source=startnext&amp;utm_medium=extwidget&amp;utm_campaign=projectbutton&amp;utm_term=projectpromo\" target=\"_blank\" rel=\"noopener\"><img decoding=\"async\" src=\"https:\/\/www.startnext.com\/templates\/platforms\/startnext\/themes\/project\/img\/project_widget_btn_EN.png\" alt=\"Support\" \/><\/a><\/p>\n\n\n\n<div style=\"height:20px\" aria-hidden=\"true\" class=\"wp-block-spacer\"><\/div>\n\n\n\n<p><br><strong>FOR GENERAL DONATIONS<\/strong><\/p>\n\n\n\n<p>To enable the continuity of our work, consider making a one time or recurring donation:<\/p>\n\n\n\n<p><strong>Via online tool (GLS Bank)<\/strong><\/p>\n\n\n<script type=\"text\/javascript\">\n\t(function() {\n\t\tvar u=\"https:\/\/spenden.twingle.de\/embed\/genericorganisation\/genericproject\/tw5d0b60a91f0f6\/widget\";\n\t\tvar id = '_' + Math.random().toString(36).substr(2, 9);\n\t\tvar d=document, g=d.createElement('script'), s=d.getElementsByTagName('script')[0];\n\t\tdocument.write('<div id=\"twingle-public-embed-' + id + '\"><\/div>');\n\t\tg.type='text\/javascript'; g.async=true; g.defer=true; g.src=u+'\/'+id; s.parentNode.insertBefore(g,s);\n\t})();\n<\/script>\n\n\n\n<p><strong>Or directly with a bank transfer<\/strong><\/p>\n\n\n\n<p>Women in Exile e.V.<br>IBAN: DE21430609671152135400<br>BIC: GENODEM1GLS (GLS Bank)<\/p>\n\n\n\n<p class=\"has-small-font-size\">For donation receipts, please write an email to info@women-in-exile.net including your address. We are also happy to send you the print version of our newsletter!<\/p>\n<\/div>\n","protected":false},"excerpt":{"rendered":"<p>WE NEED YOU FOR OUR HOUSE PROJECT Donate to our house project until 30.04.2026 via Startnext: FOR GENERAL DONATIONS To enable the continuity of our work, consider making a one time or recurring donation: Via online tool (GLS Bank) Or directly with a bank transfer Women in Exile e.V.IBAN: DE21430609671152135400BIC: GENODEM1GLS (GLS Bank) For donation [&hellip;]<\/p>\n","protected":false},"author":1,"featured_media":51,"parent":0,"menu_order":0,"comment_status":"closed","ping_status":"closed","template":"","meta":{"inline_featured_image":false,"footnotes":""},"class_list":["post-13","page","type-page","status-publish","has-post-thumbnail","hentry"],"translation":{"provider":"WPGlobus","version":"3.0.0","language":"en","enabled_languages":["de","en"],"languages":{"de":{"title":true,"content":true,"excerpt":false},"en":{"title":true,"content":true,"excerpt":false}}},"_links":{"self":[{"href":"https:\/\/women-in-exile.net\/en\/wp-json\/wp\/v2\/pages\/13","targetHints":{"allow":["GET"]}}],"collection":[{"href":"https:\/\/women-in-exile.net\/en\/wp-json\/wp\/v2\/pages"}],"about":[{"href":"https:\/\/women-in-exile.net\/en\/wp-json\/wp\/v2\/types\/page"}],"author":[{"embeddable":true,"href":"https:\/\/women-in-exile.net\/en\/wp-json\/wp\/v2\/users\/1"}],"replies":[{"embeddable":true,"href":"https:\/\/women-in-exile.net\/en\/wp-json\/wp\/v2\/comments?post=13"}],"version-history":[{"count":0,"href":"https:\/\/women-in-exile.net\/en\/wp-json\/wp\/v2\/pages\/13\/revisions"}],"wp:featuredmedia":[{"embeddable":true,"href":"https:\/\/women-in-exile.net\/en\/wp-json\/wp\/v2\/media\/51"}],"wp:attachment":[{"href":"https:\/\/women-in-exile.net\/en\/wp-json\/wp\/v2\/media?parent=13"}],"curies":[{"name":"wp","href":"https:\/\/api.w.org\/{rel}","templated":true}]}}